{"id":61,"date":"2013-11-09T16:50:13","date_gmt":"2013-11-09T16:50:13","guid":{"rendered":"http:\/\/fuidio.com\/?page_id=61"},"modified":"2013-11-29T22:48:49","modified_gmt":"2013-11-29T22:48:49","slug":"nuestra-bodega","status":"publish","type":"page","link":"http:\/\/fuidio.com\/?page_id=61","title":{"rendered":"Nuestra Bodega"},"content":{"rendered":"<p>Somos una bodega familiar fundada en 1999.Tenemos una capacidad de almacenamiento de 230000 litros en dep\u00f3sitos de acero inoxidable.<br \/>\nElaboramos nuestros vinos con el m\u00e9todo del despalillado, separando el rasp\u00f3n de los granos de la uva, para conseguir vinos mas estructurados y de calidad.<\/p>\n","protected":false},"excerpt":{"rendered":"<p>Somos una bodega familiar fundada en 1999.Tenemos una capacidad de almacenamiento de 230000 litros en dep\u00f3sitos de acero inoxidable. Elaboramos nuestros vinos con el m\u00e9todo del despalillado, separando el rasp\u00f3n de los granos de la uva, para conseguir vinos mas estructurados y de calidad.<\/p>\n","protected":false},"author":1,"featured_media":0,"parent":0,"menu_order":0,"comment_status":"closed","ping_status":"closed","template":"","meta":[],"_links":{"self":[{"href":"http:\/\/fuidio.com\/index.php?rest_route=\/wp\/v2\/pages\/61"}],"collection":[{"href":"http:\/\/fuidio.com\/index.php?rest_route=\/wp\/v2\/pages"}],"about":[{"href":"http:\/\/fuidio.com\/index.php?rest_route=\/wp\/v2\/types\/page"}],"author":[{"embeddable":true,"href":"http:\/\/fuidio.com\/index.php?rest_route=\/wp\/v2\/users\/1"}],"replies":[{"embeddable":true,"href":"http:\/\/fuidio.com\/index.php?rest_route=%2Fwp%2Fv2%2Fcomments&post=61"}],"version-history":[{"count":3,"href":"http:\/\/fuidio.com\/index.php?rest_route=\/wp\/v2\/pages\/61\/revisions"}],"predecessor-version":[{"id":174,"href":"http:\/\/fuidio.com\/index.php?rest_route=\/wp\/v2\/pages\/61\/revisions\/174"}],"wp:attachment":[{"href":"http:\/\/fuidio.com\/index.php?rest_route=%2Fwp%2Fv2%2Fmedia&parent=61"}],"curies":[{"name":"wp","href":"https:\/\/api.w.org\/{rel}","templated":true}]}}